{"id":34864,"date":"2025-08-10T07:07:38","date_gmt":"2025-08-10T07:07:38","guid":{"rendered":"https:\/\/zdravilec.com\/abonnieren\/"},"modified":"2025-12-15T16:32:43","modified_gmt":"2025-12-15T16:32:43","slug":"terminbuchung","status":"publish","type":"page","link":"https:\/\/zdravilec.com\/de\/terminbuchung\/","title":{"rendered":"Termin buchen!"},"content":{"rendered":"\t\t<div data-elementor-type=\"wp-page\" data-elementor-id=\"34864\" class=\"elementor elementor-34864 elementor-10180\">\n\t\t\t\t\t\t<section class=\"elementor-section elementor-top-section elementor-element elementor-element-7aac1ff elementor-section-content-middle elementor-section-boxed elementor-section-height-default elementor-section-height-default cmsmasters-block-default\" data-id=\"7aac1ff\" data-element_type=\"section\" data-e-type=\"section\" data-settings=\"{&quot;background_background&quot;:&quot;classic&quot;}\">\n\t\t\t\t\t\t\t<div class=\"elementor-background-overlay\"><\/div>\n\t\t\t\t\t\t\t<div class=\"elementor-container elementor-column-gap-no\">\n\t\t\t\t\t<div class=\"elementor-column elementor-col-100 elementor-top-column elementor-element elementor-element-0fb8a74\" data-id=\"0fb8a74\" data-element_type=\"column\" data-e-type=\"column\">\n\t\t\t<div class=\"elementor-widget-wrap elementor-element-populated\">\n\t\t\t\t\t\t<div class=\"elementor-element elementor-element-9d4043d elementor-widget__width-initial elementor-absolute elementor-widget-tablet__width-initial elementor-widget-mobile__width-initial cmsmasters-block-default cmsmasters-sticky-default elementor-widget elementor-widget-image\" data-id=\"9d4043d\" data-element_type=\"widget\" data-e-type=\"widget\" data-settings=\"{&quot;_position&quot;:&quot;absolute&quot;}\" data-widget_type=\"image.default\">\n\t\t\t\t<div class=\"elementor-widget-container\">\n\t\t\t\t\t\t\t\t\t\t\t\t\t\t\t<img decoding=\"async\" width=\"139\" height=\"138\" data-src=\"https:\/\/b4252934.smushcdn.com\/4252934\/wp-content\/uploads\/2021\/12\/home-back-10.png?lossy=2&strip=1&webp=1\" class=\"attachment-full size-full wp-image-34867 lazyload\" alt=\"\" data-srcset=\"https:\/\/b4252934.smushcdn.com\/4252934\/wp-content\/uploads\/2021\/12\/home-back-10.png?lossy=2&strip=1&webp=1 139w, https:\/\/b4252934.smushcdn.com\/4252934\/wp-content\/uploads\/2021\/12\/home-back-10-100x100.png?lossy=2&strip=1&webp=1 100w, https:\/\/b4252934.smushcdn.com\/4252934\/wp-content\/uploads\/2021\/12\/home-back-10-30x30.png?lossy=2&strip=1&webp=1 30w, https:\/\/b4252934.smushcdn.com\/4252934\/wp-content\/uploads\/2021\/12\/home-back-10-10x10.png?lossy=2&strip=1&webp=1 10w\" data-sizes=\"auto\" src=\"data:image\/svg+xml;base64,PHN2ZyB3aWR0aD0iMSIgaGVpZ2h0PSIxIiB4bWxucz0iaHR0cDovL3d3dy53My5vcmcvMjAwMC9zdmciPjwvc3ZnPg==\" style=\"--smush-placeholder-width: 139px; --smush-placeholder-aspect-ratio: 139\/138;\" data-original-sizes=\"(max-width: 139px) 100vw, 139px\" \/>\t\t\t\t\t\t\t\t\t\t\t\t\t\t\t<\/div>\n\t\t\t\t<\/div>\n\t\t\t\t<div class=\"elementor-element elementor-element-c0b14ea elementor-widget__width-initial elementor-absolute cmsmasters-block-default cmsmasters-sticky-default elementor-widget elementor-widget-image\" data-id=\"c0b14ea\" data-element_type=\"widget\" data-e-type=\"widget\" data-settings=\"{&quot;_position&quot;:&quot;absolute&quot;}\" data-widget_type=\"image.default\">\n\t\t\t\t<div class=\"elementor-widget-container\">\n\t\t\t\t\t\t\t\t\t\t\t\t\t\t\t<img decoding=\"async\" width=\"124\" height=\"122\" data-src=\"https:\/\/b4252934.smushcdn.com\/4252934\/wp-content\/uploads\/2023\/10\/home-back-3.png?lossy=2&strip=1&webp=1\" class=\"attachment-full size-full wp-image-34871 lazyload\" alt=\"\" data-srcset=\"https:\/\/b4252934.smushcdn.com\/4252934\/wp-content\/uploads\/2023\/10\/home-back-3.png?lossy=2&strip=1&webp=1 124w, https:\/\/b4252934.smushcdn.com\/4252934\/wp-content\/uploads\/2023\/10\/home-back-3-30x30.png?lossy=2&strip=1&webp=1 30w, https:\/\/b4252934.smushcdn.com\/4252934\/wp-content\/uploads\/2023\/10\/home-back-3-10x10.png?lossy=2&strip=1&webp=1 10w\" data-sizes=\"auto\" src=\"data:image\/svg+xml;base64,PHN2ZyB3aWR0aD0iMSIgaGVpZ2h0PSIxIiB4bWxucz0iaHR0cDovL3d3dy53My5vcmcvMjAwMC9zdmciPjwvc3ZnPg==\" style=\"--smush-placeholder-width: 124px; --smush-placeholder-aspect-ratio: 124\/122;\" data-original-sizes=\"(max-width: 124px) 100vw, 124px\" \/>\t\t\t\t\t\t\t\t\t\t\t\t\t\t\t<\/div>\n\t\t\t\t<\/div>\n\t\t\t\t<section class=\"elementor-section elementor-inner-section elementor-element elementor-element-78d49a0 elementor-section-full_width elementor-section-height-default elementor-section-height-default cmsmasters-block-default\" data-id=\"78d49a0\" data-element_type=\"section\" data-e-type=\"section\">\n\t\t\t\t\t\t<div class=\"elementor-container elementor-column-gap-wide\">\n\t\t\t\t\t<div class=\"elementor-column elementor-col-50 elementor-inner-column elementor-element elementor-element-b007cce\" data-id=\"b007cce\" data-element_type=\"column\" data-e-type=\"column\">\n\t\t\t<div class=\"elementor-widget-wrap elementor-element-populated\">\n\t\t\t\t\t\t<div class=\"elementor-element elementor-element-ebc77c4 cmsmasters-block-default cmsmasters-sticky-default elementor-widget elementor-widget-image\" data-id=\"ebc77c4\" data-element_type=\"widget\" data-e-type=\"widget\" data-widget_type=\"image.default\">\n\t\t\t\t<div class=\"elementor-widget-container\">\n\t\t\t\t\t\t\t\t\t\t\t\t\t\t\t<img decoding=\"async\" width=\"640\" height=\"960\" data-src=\"https:\/\/b4252934.smushcdn.com\/4252934\/wp-content\/uploads\/2025\/08\/kontakt.jpg?lossy=2&strip=1&webp=1\" class=\"attachment-large size-large wp-image-34869 lazyload\" alt=\"Gesunde\" data-srcset=\"https:\/\/b4252934.smushcdn.com\/4252934\/wp-content\/uploads\/2025\/08\/kontakt.jpg?lossy=2&strip=1&webp=1 640w, https:\/\/b4252934.smushcdn.com\/4252934\/wp-content\/uploads\/2025\/08\/kontakt-200x300.jpg?lossy=2&strip=1&webp=1 200w, https:\/\/b4252934.smushcdn.com\/4252934\/wp-content\/uploads\/2025\/08\/kontakt.jpg?size=512x768&lossy=2&strip=1&webp=1 512w\" data-sizes=\"auto\" src=\"data:image\/svg+xml;base64,PHN2ZyB3aWR0aD0iMSIgaGVpZ2h0PSIxIiB4bWxucz0iaHR0cDovL3d3dy53My5vcmcvMjAwMC9zdmciPjwvc3ZnPg==\" style=\"--smush-placeholder-width: 640px; --smush-placeholder-aspect-ratio: 640\/960;\" data-original-sizes=\"(max-width: 640px) 100vw, 640px\" \/>\t\t\t\t\t\t\t\t\t\t\t\t\t\t\t<\/div>\n\t\t\t\t<\/div>\n\t\t\t\t\t<\/div>\n\t\t<\/div>\n\t\t\t\t<div class=\"elementor-column elementor-col-50 elementor-inner-column elementor-element elementor-element-5905920\" data-id=\"5905920\" data-element_type=\"column\" data-e-type=\"column\">\n\t\t\t<div class=\"elementor-widget-wrap elementor-element-populated\">\n\t\t\t\t\t\t<div class=\"elementor-element elementor-element-50cfc9c cmsmasters-block-default cmsmasters-sticky-default elementor-widget elementor-widget-text-editor\" data-id=\"50cfc9c\" data-element_type=\"widget\" data-e-type=\"widget\" data-widget_type=\"text-editor.default\">\n\t\t\t\t<div class=\"elementor-widget-container\">\n\t\t\t\t\t\t\t\t\t<h2><span style=\"color: #8b3b8d;\">Terminbuchung<\/span><\/h2>\t\t\t\t\t\t\t\t<\/div>\n\t\t\t\t<\/div>\n\t\t\t\t<div class=\"elementor-element elementor-element-2aa2e87 cmsmasters-block-default cmsmasters-sticky-default elementor-widget elementor-widget-heading\" data-id=\"2aa2e87\" data-element_type=\"widget\" data-e-type=\"widget\" data-widget_type=\"heading.default\">\n\t\t\t\t<div class=\"elementor-widget-container\">\n\t\t\t\t\t<h3 class=\"elementor-heading-title elementor-size-default\">Lerne mich kennen - kostenlos!<\/h3>\t\t\t\t<\/div>\n\t\t\t\t<\/div>\n\t\t\t\t<div class=\"elementor-element elementor-element-da655ba cmsmasters-block-default cmsmasters-sticky-default elementor-widget elementor-widget-heading\" data-id=\"da655ba\" data-element_type=\"widget\" data-e-type=\"widget\" data-widget_type=\"heading.default\">\n\t\t\t\t<div class=\"elementor-widget-container\">\n\t\t\t\t\t<p class=\"elementor-heading-title elementor-size-default\">Das Kennenlerngespr\u00e4ch ist kostenlos und dauert 15 Minuten. Um ein kostenloses Gespr\u00e4ch, eine Behandlung oder Beratung zu buchen, f\u00fclle bitte das Formular aus. Wir werden dich in den n\u00e4chsten Tagen kontaktieren.  <\/p>\t\t\t\t<\/div>\n\t\t\t\t<\/div>\n\t\t\t\t<div class=\"elementor-element elementor-element-b4da559 cmsmasters-block-default cmsmasters-sticky-default elementor-widget elementor-widget-cmsmasters-forminator\" data-id=\"b4da559\" data-element_type=\"widget\" data-e-type=\"widget\" data-settings=\"{&quot;form_list&quot;:&quot;35&quot;}\" data-widget_type=\"cmsmasters-forminator.default\">\n\t\t\t\t<div class=\"elementor-widget-container\">\n\t\t\t\t\t<div class=\"elementor-widget-cmsmasters-contact-form__wrapper elementor-widget-cmsmasters-contact-form cmsmasters-default-color cmsmasters-default-font\" id=\"cmsmasters-widget-form-b4da559\">\r\n\t\t\t<div class=\"elementor-widget-cmsmasters-contact-form__inner\"><div class=\"forminator-ui forminator-custom-form forminator-custom-form-35  forminator-custom forminator_ajax\" data-forminator-render=\"0\" data-form=\"forminator-module-35\" data-uid=\"69f0dd173f4d7\"><br\/><\/div><form\r\n\t\t\t\tid=\"forminator-module-35\"\r\n\t\t\t\tclass=\"forminator-ui forminator-custom-form forminator-custom-form-35  forminator-custom forminator_ajax\"\r\n\t\t\t\tmethod=\"post\"\r\n\t\t\t\tdata-forminator-render=\"0\"\r\n\t\t\t\tdata-form-id=\"35\"\r\n\t\t\t\t data-color-option=\"default\" data-design=\"none\" data-grid=\"custom\" style=\"display: none;\"\r\n\t\t\t\tdata-uid=\"69f0dd173f4d7\"\r\n\t\t\t><div role=\"alert\" aria-live=\"polite\" class=\"forminator-response-message forminator-error\" aria-hidden=\"true\"><\/div><div class=\"forminator-row\"><div id=\"name-1\" class=\"forminator-field-name forminator-col forminator-col-6 \"><div class=\"forminator-field\"><label for=\"forminator-field-name-1_69f0dd173f4d7\" id=\"forminator-field-name-1_69f0dd173f4d7-label\" class=\"forminator-label\">Name <span class=\"forminator-required\">*<\/span><\/label><input type=\"text\" name=\"name-1\" value=\"\" placeholder=\"\" id=\"forminator-field-name-1_69f0dd173f4d7\" class=\"forminator-input forminator-name--field\" aria-required=\"true\" autocomplete=\"name\" \/><\/div><\/div><div id=\"phone-1\" class=\"forminator-field-phone forminator-col forminator-col-6 \"><div class=\"forminator-field\"><label for=\"forminator-field-phone-1_69f0dd173f4d7\" id=\"forminator-field-phone-1_69f0dd173f4d7-label\" class=\"forminator-label\">Telefonnummer<\/label><input type=\"text\" name=\"phone-1\" value=\"\" placeholder=\"\" id=\"forminator-field-phone-1_69f0dd173f4d7\" class=\"forminator-input forminator-field--phone\" data-required=\"\" aria-required=\"false\" autocomplete=\"off\" \/><\/div><\/div><\/div><div class=\"forminator-row\"><div id=\"email-1\" class=\"forminator-field-email forminator-col forminator-col-6 \"><div class=\"forminator-field\"><label for=\"forminator-field-email-1_69f0dd173f4d7\" id=\"forminator-field-email-1_69f0dd173f4d7-label\" class=\"forminator-label\">E-Mailadresse <span class=\"forminator-required\">*<\/span><\/label><input type=\"email\" name=\"email-1\" value=\"\" placeholder=\"\" id=\"forminator-field-email-1_69f0dd173f4d7\" class=\"forminator-input forminator-email--field\" data-required=\"1\" aria-required=\"true\" autocomplete=\"email\" \/><\/div><\/div><div id=\"select-1\" class=\"forminator-field-select forminator-col forminator-col-6 \"><div class=\"forminator-field\"><label for=\"forminator-form-35__field--select-1_69f0dd173f4d7\" id=\"forminator-form-35__field--select-1_69f0dd173f4d7-label\" class=\"forminator-label\">Terminbuchung f\u00fcr<\/label><select  id=\"forminator-form-35__field--select-1_69f0dd173f4d7\" class=\"forminator-select--field forminator-select2 forminator-select2-multiple\" data-required=\"\" name=\"select-1\" data-default-value=\"\" data-placeholder=\"Auswahl\" data-search=\"false\" data-search-placeholder=\"Auswahl\" data-checkbox=\"false\" data-allow-clear=\"false\" aria-labelledby=\"forminator-form-35__field--select-1_69f0dd173f4d7-label\"><option value=\"\" disabled selected>Auswahl<\/option><option value=\"I-am-Not-Sure\"  data-calculation=\"0\">kostenloses Gratisgespr\u00e4ch<\/option><option value=\"Digestive-Problem\"  data-calculation=\"0\">Online Beratung<\/option><option value=\"Breast-Feeding-Nutrition\"  data-calculation=\"0\">Behandlung Wien<\/option><option value=\"Allergy-Nutrition\"  data-calculation=\"0\">Behandlung Bleiburg<\/option><option value=\"Diabetic-Nutrition\"  data-calculation=\"0\">Geomantie<\/option><\/select><\/div><\/div><\/div><div class=\"forminator-row\"><div id=\"textarea-1\" class=\"forminator-field-textarea forminator-col forminator-col-12 \"><div class=\"forminator-field\"><label for=\"forminator-field-textarea-1_69f0dd173f4d7\" id=\"forminator-field-textarea-1_69f0dd173f4d7-label\" class=\"forminator-label\">Nachricht<\/label><textarea name=\"textarea-1\" placeholder=\"Deine Nachricht\" id=\"forminator-field-textarea-1_69f0dd173f4d7\" class=\"forminator-textarea\" rows=\"6\" style=\"--forminator-textarea-min-height:140px;\" ><\/textarea><\/div><\/div><\/div><input type=\"hidden\" name=\"referer_url\" value=\"\" \/><div class=\"forminator-row forminator-row-last\"><div class=\"forminator-col\"><div class=\"forminator-field\"><button class=\"forminator-button forminator-button-submit\">Senden<\/button><\/div><\/div><\/div><input type=\"hidden\" id=\"forminator_nonce\" name=\"forminator_nonce\" value=\"11a24143ea\" \/><input type=\"hidden\" name=\"_wp_http_referer\" value=\"\/de\/wp-json\/wp\/v2\/pages\/34864\" \/><input type=\"hidden\" name=\"form_id\" value=\"35\"><input type=\"hidden\" name=\"page_id\" value=\"34864\"><input type=\"hidden\" name=\"form_type\" value=\"default\"><input type=\"hidden\" name=\"current_url\" value=\"https:\/\/zdravilec.com\/de\/terminbuchung\/\"><input type=\"hidden\" name=\"render_id\" value=\"0\"><input type=\"hidden\" name=\"action\" value=\"forminator_submit_form_custom-forms\"><label for=\"input_6\" class=\"forminator-hidden\" aria-hidden=\"true\">Bitte f\u00fclle dieses Feld nicht aus. <input id=\"input_6\" type=\"text\" name=\"input_6\" value=\"\" autocomplete=\"off\"><\/label><\/form><\/div>\r\n\t\t<\/div>\t\t\t\t<\/div>\n\t\t\t\t<\/div>\n\t\t\t\t\t<\/div>\n\t\t<\/div>\n\t\t\t\t\t<\/div>\n\t\t<\/section>\n\t\t\t\t\t<\/div>\n\t\t<\/div>\n\t\t\t\t\t<\/div>\n\t\t<\/section>\n\t\t\t\t<\/div>\n\t\t","protected":false},"excerpt":{"rendered":"<p>Terminbuchung Lerne mich kennen &#8211; kostenlos! Das Kennenlerngespr\u00e4ch ist kostenlos und dauert 15 Minuten. Um ein kostenloses Gespr\u00e4ch, eine Behandlung oder Beratung zu buchen, f\u00fclle bitte das Formular aus. Wir werden dich in den n\u00e4chsten Tagen kontaktieren.<\/p>\n","protected":false},"author":1,"featured_media":0,"parent":0,"menu_order":0,"comment_status":"closed","ping_status":"closed","template":"","meta":{"_acf_changed":false,"footnotes":""},"class_list":["post-34864","page","type-page","status-publish","hentry"],"acf":[],"_links":{"self":[{"href":"https:\/\/zdravilec.com\/de\/wp-json\/wp\/v2\/pages\/34864","targetHints":{"allow":["GET"]}}],"collection":[{"href":"https:\/\/zdravilec.com\/de\/wp-json\/wp\/v2\/pages"}],"about":[{"href":"https:\/\/zdravilec.com\/de\/wp-json\/wp\/v2\/types\/page"}],"author":[{"embeddable":true,"href":"https:\/\/zdravilec.com\/de\/wp-json\/wp\/v2\/users\/1"}],"replies":[{"embeddable":true,"href":"https:\/\/zdravilec.com\/de\/wp-json\/wp\/v2\/comments?post=34864"}],"version-history":[{"count":7,"href":"https:\/\/zdravilec.com\/de\/wp-json\/wp\/v2\/pages\/34864\/revisions"}],"predecessor-version":[{"id":35379,"href":"https:\/\/zdravilec.com\/de\/wp-json\/wp\/v2\/pages\/34864\/revisions\/35379"}],"wp:attachment":[{"href":"https:\/\/zdravilec.com\/de\/wp-json\/wp\/v2\/media?parent=34864"}],"curies":[{"name":"wp","href":"https:\/\/api.w.org\/{rel}","templated":true}]}}