{"id":34876,"date":"2025-09-09T13:02:59","date_gmt":"2025-09-09T13:02:59","guid":{"rendered":"https:\/\/zdravilec.com\/impressum\/"},"modified":"2026-04-15T09:55:46","modified_gmt":"2026-04-15T09:55:46","slug":"impressum","status":"publish","type":"page","link":"https:\/\/zdravilec.com\/de\/impressum\/","title":{"rendered":"Impressum"},"content":{"rendered":"\t\t<div data-elementor-type=\"wp-page\" data-elementor-id=\"34876\" class=\"elementor elementor-34876 elementor-30278\">\n\t\t\t\t<div class=\"elementor-element elementor-element-eca5a9a e-flex e-con-boxed cmsmasters-block-default e-con e-parent\" data-id=\"eca5a9a\" data-element_type=\"container\" data-e-type=\"container\">\n\t\t\t\t\t<div class=\"e-con-inner\">\n\t\t\t\t<div class=\"elementor-element elementor-element-6bdaf29 cmsmasters-block-default cmsmasters-sticky-default elementor-widget elementor-widget-heading\" data-id=\"6bdaf29\" data-element_type=\"widget\" data-e-type=\"widget\" data-widget_type=\"heading.default\">\n\t\t\t\t<div class=\"elementor-widget-container\">\n\t\t\t\t\t<h2 class=\"elementor-heading-title elementor-size-default\">Impressum<\/h2>\t\t\t\t<\/div>\n\t\t\t\t<\/div>\n\t\t\t\t\t<\/div>\n\t\t\t\t<\/div>\n\t\t<div class=\"elementor-element elementor-element-6142cab e-flex e-con-boxed cmsmasters-block-default e-con e-parent\" data-id=\"6142cab\" data-element_type=\"container\" data-e-type=\"container\">\n\t\t\t\t\t<div class=\"e-con-inner\">\n\t\t\t\t<div class=\"elementor-element elementor-element-6dc0d4b cmsmasters-block-default cmsmasters-sticky-default elementor-widget elementor-widget-spacer\" data-id=\"6dc0d4b\" data-element_type=\"widget\" data-e-type=\"widget\" data-widget_type=\"spacer.default\">\n\t\t\t\t<div class=\"elementor-widget-container\">\n\t\t\t\t\t\t\t<div class=\"elementor-spacer\">\n\t\t\t<div class=\"elementor-spacer-inner\"><\/div>\n\t\t<\/div>\n\t\t\t\t\t\t<\/div>\n\t\t\t\t<\/div>\n\t\t\t\t\t<\/div>\n\t\t\t\t<\/div>\n\t\t<div class=\"elementor-element elementor-element-120e93f e-flex e-con-boxed cmsmasters-block-default e-con e-parent\" data-id=\"120e93f\" data-element_type=\"container\" data-e-type=\"container\">\n\t\t\t\t\t<div class=\"e-con-inner\">\n\t\t\t\t<div class=\"elementor-element elementor-element-7254a58 cmsmasters-block-default cmsmasters-sticky-default elementor-widget elementor-widget-text-editor\" data-id=\"7254a58\" data-element_type=\"widget\" data-e-type=\"widget\" data-widget_type=\"text-editor.default\">\n\t\t\t\t<div class=\"elementor-widget-container\">\n\t\t\t\t\t\t\t\t\t<p lang=\"sl-SI\">Die Website www.zdravilec.com wird betreut von:<br>Boris Wakounig<br>Mariahilfer Stra\u00dfe 66\/17<br>1070 Wien<br>\u00d6sterreich<\/p><p>Kontakt:<br>Schriftlich: <a href=\"https:\/\/zdravilec.com\/de\/terminbuchung\/\">Kontaktformular<\/a><br>Telefon: +43 650 4876244<\/p><p>GISA-Zahl: 39233875<\/p><p>Berufsbezeichnung:<br>Naturheiltherapeut<\/p><p>T\u00e4tigkeit:<br>&#8222;Hilfestellung zur Erreichung einer k\u00f6rperlichen bzw. energetischen Ausgewogenheit mittels&#8230;&#8220;<\/p><p>Gesetzliche Bestimmungen:<br><a href=\"http:\/\/www.ris.bka.gv.at\">Gewerbeordnung<\/a><\/p><p>Aufsichtsbeh\u00f6rde:<br><a href=\"https:\/\/www.wien.gv.at\/kontakt\/mba0220\">Magistrat Wien<\/a><\/p><p>Mitglied im:<br>VGN\u00d6 &#8211; Verband der ganzheitlichen Naturheiltherapeuten \u00d6sterreichs<br>Wirtschaftskammer Wien<\/p>\t\t\t\t\t\t\t\t<\/div>\n\t\t\t\t<\/div>\n\t\t\t\t\t<\/div>\n\t\t\t\t<\/div>\n\t\t\t\t<\/div>\n\t\t","protected":false},"excerpt":{"rendered":"<p>Impressum Die Website www.zdravilec.com wird betreut von:Boris WakounigMariahilfer Stra\u00dfe 66\/171070 Wien\u00d6sterreich Kontakt:Schriftlich: KontaktformularTelefon: +43 650 4876244 GISA-Zahl: 39233875 Berufsbezeichnung:Naturheiltherapeut T\u00e4tigkeit:&#8222;Hilfestellung zur Erreichung einer k\u00f6rperlichen bzw. energetischen Ausgewogenheit mittels&#8230;&#8220; Gesetzliche Bestimmungen:Gewerbeordnung Aufsichtsbeh\u00f6rde:Magistrat Wien Mitglied im:VGN\u00d6 &#8211; Verband der ganzheitlichen Naturheiltherapeuten \u00d6sterreichsWirtschaftskammer Wien<\/p>\n","protected":false},"author":1,"featured_media":0,"parent":0,"menu_order":0,"comment_status":"closed","ping_status":"closed","template":"","meta":{"_acf_changed":false,"footnotes":""},"class_list":["post-34876","page","type-page","status-publish","hentry"],"acf":[],"_links":{"self":[{"href":"https:\/\/zdravilec.com\/de\/wp-json\/wp\/v2\/pages\/34876","targetHints":{"allow":["GET"]}}],"collection":[{"href":"https:\/\/zdravilec.com\/de\/wp-json\/wp\/v2\/pages"}],"about":[{"href":"https:\/\/zdravilec.com\/de\/wp-json\/wp\/v2\/types\/page"}],"author":[{"embeddable":true,"href":"https:\/\/zdravilec.com\/de\/wp-json\/wp\/v2\/users\/1"}],"replies":[{"embeddable":true,"href":"https:\/\/zdravilec.com\/de\/wp-json\/wp\/v2\/comments?post=34876"}],"version-history":[{"count":7,"href":"https:\/\/zdravilec.com\/de\/wp-json\/wp\/v2\/pages\/34876\/revisions"}],"predecessor-version":[{"id":38731,"href":"https:\/\/zdravilec.com\/de\/wp-json\/wp\/v2\/pages\/34876\/revisions\/38731"}],"wp:attachment":[{"href":"https:\/\/zdravilec.com\/de\/wp-json\/wp\/v2\/media?parent=34876"}],"curies":[{"name":"wp","href":"https:\/\/api.w.org\/{rel}","templated":true}]}}