{"id":34888,"date":"2025-09-09T13:02:59","date_gmt":"2025-09-09T13:02:59","guid":{"rendered":"https:\/\/zdravilec.com\/rechtshinweis\/"},"modified":"2026-03-05T11:47:44","modified_gmt":"2026-03-05T11:47:44","slug":"rechtshinweis","status":"publish","type":"page","link":"https:\/\/zdravilec.com\/de\/rechtshinweis\/","title":{"rendered":"Rechtshinweis"},"content":{"rendered":"\t\t<div data-elementor-type=\"wp-page\" data-elementor-id=\"34888\" class=\"elementor elementor-34888 elementor-30266\">\n\t\t\t\t<div class=\"elementor-element elementor-element-eca5a9a e-flex e-con-boxed cmsmasters-block-default e-con e-parent\" data-id=\"eca5a9a\" data-element_type=\"container\" data-e-type=\"container\">\n\t\t\t\t\t<div class=\"e-con-inner\">\n\t\t\t\t<div class=\"elementor-element elementor-element-6bdaf29 cmsmasters-block-default cmsmasters-sticky-default elementor-widget elementor-widget-heading\" data-id=\"6bdaf29\" data-element_type=\"widget\" data-e-type=\"widget\" data-widget_type=\"heading.default\">\n\t\t\t\t<div class=\"elementor-widget-container\">\n\t\t\t\t\t<h2 class=\"elementor-heading-title elementor-size-default\">Rechtshinweis<\/h2>\t\t\t\t<\/div>\n\t\t\t\t<\/div>\n\t\t\t\t\t<\/div>\n\t\t\t\t<\/div>\n\t\t<div class=\"elementor-element elementor-element-6142cab e-flex e-con-boxed cmsmasters-block-default e-con e-parent\" data-id=\"6142cab\" data-element_type=\"container\" data-e-type=\"container\">\n\t\t\t\t\t<div class=\"e-con-inner\">\n\t\t\t\t<div class=\"elementor-element elementor-element-6dc0d4b cmsmasters-block-default cmsmasters-sticky-default elementor-widget elementor-widget-spacer\" data-id=\"6dc0d4b\" data-element_type=\"widget\" data-e-type=\"widget\" data-widget_type=\"spacer.default\">\n\t\t\t\t<div class=\"elementor-widget-container\">\n\t\t\t\t\t\t\t<div class=\"elementor-spacer\">\n\t\t\t<div class=\"elementor-spacer-inner\"><\/div>\n\t\t<\/div>\n\t\t\t\t\t\t<\/div>\n\t\t\t\t<\/div>\n\t\t\t\t\t<\/div>\n\t\t\t\t<\/div>\n\t\t<div class=\"elementor-element elementor-element-120e93f e-flex e-con-boxed cmsmasters-block-default e-con e-parent\" data-id=\"120e93f\" data-element_type=\"container\" data-e-type=\"container\">\n\t\t\t\t\t<div class=\"e-con-inner\">\n\t\t\t\t<div class=\"elementor-element elementor-element-7254a58 cmsmasters-block-default cmsmasters-sticky-default elementor-widget elementor-widget-text-editor\" data-id=\"7254a58\" data-element_type=\"widget\" data-e-type=\"widget\" data-widget_type=\"text-editor.default\">\n\t\t\t\t<div class=\"elementor-widget-container\">\n\t\t\t\t\t\t\t\t\t<p lang=\"sl-SI\"><span class=\"HwtZe\" lang=\"sl\"><span class=\"jCAhz ChMk0b\"><span class=\"ryNqvb\"><strong>Medizinische Informationen<\/strong><\/span><\/span><\/span><br>Auf dieser Website zeigen wir die M\u00f6glichkeiten zur Linderung und Behandlung von Gesundheitsproblemen durch Naturheilkunde auf und machen sie bekannt. Die Seite ist eine Sammlung von Informationen, Volksheilkunde und Erfahrungen von Einzelpersonen und wurde sorgf\u00e4ltig f\u00fcr die \u00d6ffentlichkeit zusammengestellt. Die Informationen stammen aus wissenschaftlichen Untersuchungen, Ver\u00f6ffentlichungen, \u00f6ffentlichen Bekanntmachungen und Beitr\u00e4gen aus der Literatur. Die Informationen sind kein Ersatz f\u00fcr den Besuch eines Arztes oder f\u00fcr die M\u00f6glichkeit einer modernen Diagnose oder Therapie. Auf der Grundlage wissenschaftlicher Forschung will die Website die bew\u00e4hrten M\u00f6glichkeiten der Heilung in der heutigen Zeit aufzeigen. Sie m\u00f6chte niemanden zur Selbstmedikation oder zum Gebrauch illegaler Drogen ermutigen. Die Verwendung von Begriffen wie<span lang=\"de-AT\"> Behandlung, Therapie, Diagnose, Befund oder Patient <\/span>dient nur dem besseren Verst\u00e4ndnis.      <br><br><span class=\"HwtZe\" lang=\"sl\"><span class=\"jCAhz ChMk0b\"><span class=\"ryNqvb\"><strong>Medizinische Dienstleistungen<\/strong><\/span><\/span><\/span><br>Wir \u00fcben das Gewerbe des &#8222;Naturheiltherapeut&#8220; aus. Dieser darf weder eine Krankheit diagnostizieren noch einen Patienten behandeln. Laut Gesetz hilft ein Naturheiltherapeut, das k\u00f6rperliche und energetische Gleichgewicht mit Hilfe von Heilmethoden wie Hom\u00f6opathie, Bachbl\u00fcten, Energieheilung usw., wieder herzustellen. Er ber\u00e4t, unterst\u00fctzt und begleitet den Patienten auf seinem Lebensweg. Als Mitglied des VGN\u00d6 halten wir uns an den Berufskodex, die Gesundheitsethik und den Hippokratischen Eid. Unsere Dienstleistungen werden ausschlie\u00dflich nach \u00f6sterreichischem Recht erbracht.     <\/p>\t\t\t\t\t\t\t\t<\/div>\n\t\t\t\t<\/div>\n\t\t\t\t\t<\/div>\n\t\t\t\t<\/div>\n\t\t\t\t<\/div>\n\t\t","protected":false},"excerpt":{"rendered":"<p>Rechtshinweis Medizinische InformationenAuf dieser Website zeigen wir die M\u00f6glichkeiten zur Linderung und Behandlung von Gesundheitsproblemen durch Naturheilkunde auf und machen sie bekannt. Die Seite ist eine Sammlung von Informationen, Volksheilkunde und Erfahrungen von Einzelpersonen und wurde sorgf\u00e4ltig f\u00fcr die \u00d6ffentlichkeit zusammengestellt. Die Informationen stammen aus wissenschaftlichen Untersuchungen, Ver\u00f6ffentlichungen, \u00f6ffentlichen Bekanntmachungen und Beitr\u00e4gen aus der Literatur&#8230;.<\/p>\n","protected":false},"author":1,"featured_media":0,"parent":0,"menu_order":0,"comment_status":"closed","ping_status":"closed","template":"","meta":{"_acf_changed":false,"footnotes":""},"class_list":["post-34888","page","type-page","status-publish","hentry"],"acf":[],"_links":{"self":[{"href":"https:\/\/zdravilec.com\/de\/wp-json\/wp\/v2\/pages\/34888","targetHints":{"allow":["GET"]}}],"collection":[{"href":"https:\/\/zdravilec.com\/de\/wp-json\/wp\/v2\/pages"}],"about":[{"href":"https:\/\/zdravilec.com\/de\/wp-json\/wp\/v2\/types\/page"}],"author":[{"embeddable":true,"href":"https:\/\/zdravilec.com\/de\/wp-json\/wp\/v2\/users\/1"}],"replies":[{"embeddable":true,"href":"https:\/\/zdravilec.com\/de\/wp-json\/wp\/v2\/comments?post=34888"}],"version-history":[{"count":2,"href":"https:\/\/zdravilec.com\/de\/wp-json\/wp\/v2\/pages\/34888\/revisions"}],"predecessor-version":[{"id":38099,"href":"https:\/\/zdravilec.com\/de\/wp-json\/wp\/v2\/pages\/34888\/revisions\/38099"}],"wp:attachment":[{"href":"https:\/\/zdravilec.com\/de\/wp-json\/wp\/v2\/media?parent=34888"}],"curies":[{"name":"wp","href":"https:\/\/api.w.org\/{rel}","templated":true}]}}